{"id":306,"date":"2021-11-19T08:49:09","date_gmt":"2021-11-19T07:49:09","guid":{"rendered":"http:\/\/pintsandcrafts.edge-themes.com\/?page_id=306"},"modified":"2021-11-30T20:24:58","modified_gmt":"2021-11-30T19:24:58","slug":"don-marroni","status":"publish","type":"page","link":"https:\/\/donmarroni.ch\/","title":{"rendered":"Don Marroni"},"content":{"rendered":"<p>[vc_row][vc_column][rev_slider_vc alias=&#8220;Don-Marroni&#8220; enable_paspartu=&#8220;no&#8220;][\/vc_column][\/vc_row][vc_row row_content_width=&#8220;grid&#8220; css=&#8220;.vc_custom_1521214935072{padding-top: 128px !important;padding-bottom: 90px !important;}&#8220;][vc_column offset=&#8220;vc_col-lg-6 vc_col-md-12&#8243;]<div class=\"edgtf-elements-holder   edgtf-one-column  edgtf-responsive-mode-768 \" ><div class=\"edgtf-eh-item    \"  data-item-class=\"edgtf-eh-custom-4685\" data-1280-1600=\"13px 45px 0 0\" data-1024-1280=\"5px 35px 0 0\" data-768-1024=\"5px 80px 50px 0\" data-680-768=\"5px 80px 50px 0\" data-680=\"5px 20px 50px 0\">\n\t<div class=\"edgtf-eh-item-inner\">\n\t\t<div class=\"edgtf-eh-item-content edgtf-eh-custom-4685\" style=\"padding: 23px 100px 0 0\">\n\t\t\t<div class=\"edgtf-section-title-holder  edgtf-st-normal-space\" >\n\t<div class=\"edgtf-st-inner\">\n\t\t\t\t\t<div class=\"edgtf-st-title-wrap\">\n\t\t\t\t\t\t\t\t\t<h5 class=\"edgtf-st-subtitle\">Alpiner Biergenuss<\/h5>\n\t\t\t\t\t\t\t\t<h2 class=\"edgtf-st-title\" >\n\t\t\t\t\tKastanien Bier seit 2021\t\t\t\t<\/h2>\n\t\t\t\t\t\t\t<\/div>\n\t\t\t\t\t\t\t<div class=\"edgtf-st-text\" >\n\t\t\t\tSeit 1803 befindet sich die Kastanienselva unterhalb des kleinen, schicken Bergeller Dorfes, Soglio, im Besitz unserer Familie &#8211; der Familie Fasciati. So konnte ihre Fl\u00e4che in der letzten Generation anwachsen und wird nun seit 12 Jahren wieder extensiv bewirtschaft, traditionell nach Grosseltern Art werden die edlen Kastanien in der Cascina f\u00fcnf Wochen rauchgetrocknet, bis sie den gew\u00fcnschten Geschmack und die gew\u00fcnschte Qualit\u00e4t haben, den sie f\u00fcr das einzigartige Kastanienbier ben\u00f6tigen.\t\t\t<\/div>\n\t\t\t<\/div>\n<\/div>[vc_empty_space]\t\t<\/div>\n\t<\/div>\n<\/div><\/div>[\/vc_column][vc_column width=&#8220;1\/2&#8243; offset=&#8220;vc_col-lg-3 vc_col-md-6&#8243;]<div class=\"edgtf-single-image-holder   \">\n    <div class=\"edgtf-si-inner\" >\n                                    <img loading=\"lazy\" decoding=\"async\" width=\"800\" height=\"1200\" src=\"https:\/\/donmarroni.ch\/wp-content\/uploads\/2021\/11\/Don-Marroni-Kastanie.jpg\" class=\"attachment-full size-full\" alt=\"\" srcset=\"https:\/\/donmarroni.ch\/wp-content\/uploads\/2021\/11\/Don-Marroni-Kastanie.jpg 800w, https:\/\/donmarroni.ch\/wp-content\/uploads\/2021\/11\/Don-Marroni-Kastanie-200x300.jpg 200w, https:\/\/donmarroni.ch\/wp-content\/uploads\/2021\/11\/Don-Marroni-Kastanie-683x1024.jpg 683w, https:\/\/donmarroni.ch\/wp-content\/uploads\/2021\/11\/Don-Marroni-Kastanie-768x1152.jpg 768w, https:\/\/donmarroni.ch\/wp-content\/uploads\/2021\/11\/Don-Marroni-Kastanie-110x165.jpg 110w, https:\/\/donmarroni.ch\/wp-content\/uploads\/2021\/11\/Don-Marroni-Kastanie-600x900.jpg 600w\" sizes=\"auto, (max-width: 800px) 100vw, 800px\" \/>                        <\/div>\n<\/div>[vc_empty_space height=&#8220;40px&#8220;][\/vc_column][vc_column width=&#8220;1\/2&#8243; offset=&#8220;vc_col-lg-3 vc_col-md-6&#8243;]<div class=\"edgtf-single-image-holder   \">\n    <div class=\"edgtf-si-inner\" >\n                                    <img loading=\"lazy\" decoding=\"async\" width=\"800\" height=\"1200\" src=\"https:\/\/donmarroni.ch\/wp-content\/uploads\/2021\/11\/Don-Marroni-Soglio.jpg\" class=\"attachment-full size-full\" alt=\"\" srcset=\"https:\/\/donmarroni.ch\/wp-content\/uploads\/2021\/11\/Don-Marroni-Soglio.jpg 800w, https:\/\/donmarroni.ch\/wp-content\/uploads\/2021\/11\/Don-Marroni-Soglio-200x300.jpg 200w, https:\/\/donmarroni.ch\/wp-content\/uploads\/2021\/11\/Don-Marroni-Soglio-683x1024.jpg 683w, https:\/\/donmarroni.ch\/wp-content\/uploads\/2021\/11\/Don-Marroni-Soglio-768x1152.jpg 768w, https:\/\/donmarroni.ch\/wp-content\/uploads\/2021\/11\/Don-Marroni-Soglio-110x165.jpg 110w, https:\/\/donmarroni.ch\/wp-content\/uploads\/2021\/11\/Don-Marroni-Soglio-600x900.jpg 600w\" sizes=\"auto, (max-width: 800px) 100vw, 800px\" \/>                        <\/div>\n<\/div>[\/vc_column][\/vc_row][vc_row row_content_width=&#8220;grid&#8220; css=&#8220;.vc_custom_1521214935072{padding-top: 128px !important;padding-bottom: 90px !important;}&#8220;][vc_column width=&#8220;1\/2&#8243; offset=&#8220;vc_col-lg-3 vc_col-md-6&#8243;]<div class=\"edgtf-single-image-holder   \">\n    <div class=\"edgtf-si-inner\" >\n                                    <img loading=\"lazy\" decoding=\"async\" width=\"800\" height=\"1200\" src=\"https:\/\/donmarroni.ch\/wp-content\/uploads\/2021\/11\/Don-Marroni-Kastanien-Wald-1.jpg\" class=\"attachment-full size-full\" alt=\"\" srcset=\"https:\/\/donmarroni.ch\/wp-content\/uploads\/2021\/11\/Don-Marroni-Kastanien-Wald-1.jpg 800w, https:\/\/donmarroni.ch\/wp-content\/uploads\/2021\/11\/Don-Marroni-Kastanien-Wald-1-200x300.jpg 200w, https:\/\/donmarroni.ch\/wp-content\/uploads\/2021\/11\/Don-Marroni-Kastanien-Wald-1-683x1024.jpg 683w, https:\/\/donmarroni.ch\/wp-content\/uploads\/2021\/11\/Don-Marroni-Kastanien-Wald-1-768x1152.jpg 768w, https:\/\/donmarroni.ch\/wp-content\/uploads\/2021\/11\/Don-Marroni-Kastanien-Wald-1-110x165.jpg 110w, https:\/\/donmarroni.ch\/wp-content\/uploads\/2021\/11\/Don-Marroni-Kastanien-Wald-1-600x900.jpg 600w\" sizes=\"auto, (max-width: 800px) 100vw, 800px\" \/>                        <\/div>\n<\/div>[vc_empty_space height=&#8220;40px&#8220;][\/vc_column][vc_column width=&#8220;1\/2&#8243; offset=&#8220;vc_col-lg-3 vc_col-md-6&#8243;]<div class=\"edgtf-single-image-holder   \">\n    <div class=\"edgtf-si-inner\" >\n                                    <img loading=\"lazy\" decoding=\"async\" width=\"800\" height=\"1200\" src=\"https:\/\/donmarroni.ch\/wp-content\/uploads\/2021\/11\/Dan-Marroni-Cascina.jpg\" class=\"attachment-full size-full\" alt=\"\" srcset=\"https:\/\/donmarroni.ch\/wp-content\/uploads\/2021\/11\/Dan-Marroni-Cascina.jpg 800w, https:\/\/donmarroni.ch\/wp-content\/uploads\/2021\/11\/Dan-Marroni-Cascina-200x300.jpg 200w, https:\/\/donmarroni.ch\/wp-content\/uploads\/2021\/11\/Dan-Marroni-Cascina-683x1024.jpg 683w, https:\/\/donmarroni.ch\/wp-content\/uploads\/2021\/11\/Dan-Marroni-Cascina-768x1152.jpg 768w, https:\/\/donmarroni.ch\/wp-content\/uploads\/2021\/11\/Dan-Marroni-Cascina-110x165.jpg 110w, https:\/\/donmarroni.ch\/wp-content\/uploads\/2021\/11\/Dan-Marroni-Cascina-600x900.jpg 600w\" sizes=\"auto, (max-width: 800px) 100vw, 800px\" \/>                        <\/div>\n<\/div>[\/vc_column][vc_column offset=&#8220;vc_col-lg-6 vc_col-md-12&#8243;]<div class=\"edgtf-elements-holder   edgtf-one-column  edgtf-responsive-mode-768 \" ><div class=\"edgtf-eh-item    \"  data-item-class=\"edgtf-eh-custom-6587\" data-1280-1600=\"13px 45px 0 0\" data-1024-1280=\"5px 35px 0 0\" data-768-1024=\"5px 80px 50px 0\" data-680-768=\"5px 80px 50px 0\" data-680=\"5px 20px 50px 0\">\n\t<div class=\"edgtf-eh-item-inner\">\n\t\t<div class=\"edgtf-eh-item-content edgtf-eh-custom-6587\" style=\"padding: 23px 100px 0 0\">\n\t\t\t<div class=\"edgtf-section-title-holder  edgtf-st-normal-space\" >\n\t<div class=\"edgtf-st-inner\">\n\t\t\t\t\t\t\t<div class=\"edgtf-st-text\" >\n\t\t\t\tDon Marroni ist der Kastanienmann, ein Bergeller, der wie schon fr\u00fchere Generationen von Bergellern in die Grossst\u00e4dte Italiens, Frankreichs oder \u00d6sterreichs gereist sind, um sich dort eine Existenz aufzubauen und nach Jahren des urbanen, geselligen Lebens den Weg wieder in die Heimat des Bergeller Tales gefunden hat, um nun hier diesen Antagonismus des urban-st\u00e4dtischen mit dem alpin-nat\u00fcrlichen in einem einzigartigen Biererlebnis zu vereinen.\t\t\t<\/div>\n\t\t\t<\/div>\n<\/div>[vc_empty_space]\t\t<\/div>\n\t<\/div>\n<\/div><\/div>[\/vc_column][\/vc_row][vc_row row_content_width=&#8220;grid&#8220; disable_background_image=&#8220;&#8220; simple_background_image=&#8220;4228&#8243;][vc_column offset=&#8220;vc_col-lg-6 vc_col-md-12&#8243;]<div class=\"edgtf-elements-holder   edgtf-one-column  edgtf-responsive-mode-768 \" ><div class=\"edgtf-eh-item    \"  data-item-class=\"edgtf-eh-custom-7452\" data-1280-1600=\"175px 80px 0px\" data-1024-1280=\"175px 80px 0px\" data-768-1024=\"90px 0 0 204px\" data-680-768=\"90px 0 0 120px\" data-680=\"70px 40px 0 15px\">\n\t<div class=\"edgtf-eh-item-inner\">\n\t\t<div class=\"edgtf-eh-item-content edgtf-eh-custom-7452\" style=\"padding: 190px 80px 0px\">\n\t\t\t<div class=\"edgtf-single-image-holder   \">\n    <div class=\"edgtf-si-inner\" >\n                                    <img loading=\"lazy\" decoding=\"async\" width=\"400\" height=\"400\" src=\"https:\/\/donmarroni.ch\/wp-content\/uploads\/2021\/11\/Don-Marroni-400.png\" class=\"attachment-full size-full\" alt=\"\" srcset=\"https:\/\/donmarroni.ch\/wp-content\/uploads\/2021\/11\/Don-Marroni-400.png 400w, https:\/\/donmarroni.ch\/wp-content\/uploads\/2021\/11\/Don-Marroni-400-300x300.png 300w, https:\/\/donmarroni.ch\/wp-content\/uploads\/2021\/11\/Don-Marroni-400-150x150.png 150w, https:\/\/donmarroni.ch\/wp-content\/uploads\/2021\/11\/Don-Marroni-400-110x110.png 110w, https:\/\/donmarroni.ch\/wp-content\/uploads\/2021\/11\/Don-Marroni-400-100x100.png 100w\" sizes=\"auto, (max-width: 400px) 100vw, 400px\" \/>                        <\/div>\n<\/div>\t\t<\/div>\n\t<\/div>\n<\/div><\/div>[\/vc_column][vc_column offset=&#8220;vc_col-lg-6 vc_col-md-12&#8243;]<div class=\"edgtf-elements-holder   edgtf-one-column  edgtf-responsive-mode-768 \" ><div class=\"edgtf-eh-item    \"  data-item-class=\"edgtf-eh-custom-8476\" data-1280-1600=\"120px 4px 120px 0px\" data-1024-1280=\"120px 22px 120px 0\" data-768-1024=\"100px 90px\" data-680-768=\"90px 60px\" data-680=\"49px 7px\">\n\t<div class=\"edgtf-eh-item-inner\">\n\t\t<div class=\"edgtf-eh-item-content edgtf-eh-custom-8476\" style=\"padding: 120px 32px\">\n\t\t\t<div class=\"edgtf-if-holder \">\n    <div class=\"edgtf-if-text-holder\" style=\"background-image: url(https:\/\/donmarroni.ch\/wp-content\/uploads\/2018\/03\/home3-img-5-1.jpg)\">\n\t    <div class=\"edgtf-if-text-outer\">\n\t\t    <div class=\"edgtf-if-text-inner\">\n\t\t        \t\t            <h3 class=\"edgtf-if-title\" >\n\t\t                Don Marroni\t                <\/h3>\n\t\t        \t\t\t    \t\t\t\t    <p><span style=\"color: #000000\">Don Marroni &#8211; Das einzigartige Biererlebnis aus Graub\u00fcnden, gegoren aus dem Antagonismus des urban-st\u00e4dtischen mit dem alpin-nat\u00fcrlichen.<\/span><\/p>\n\t\t\t    \t\t\t\t\t\t\t<\/div>\n\t\t<\/div>\n\t<\/div>\n<\/div>\t\t<\/div>\n\t<\/div>\n<\/div><\/div>[\/vc_column][\/vc_row][vc_row row_content_width=&#8220;grid&#8220; css=&#8220;.vc_custom_1521215021907{padding-top: 130px !important;padding-bottom: 90px !important;}&#8220;][vc_column width=&#8220;1\/2&#8243; offset=&#8220;vc_col-lg-3 vc_col-md-6&#8243;]<div class=\"edgtf-single-image-holder   \">\n    <div class=\"edgtf-si-inner\" >\n                                    <img loading=\"lazy\" decoding=\"async\" width=\"800\" height=\"1200\" src=\"https:\/\/donmarroni.ch\/wp-content\/uploads\/2021\/11\/Don-Marroni-Getrocknet.jpg\" class=\"attachment-full size-full\" alt=\"\" srcset=\"https:\/\/donmarroni.ch\/wp-content\/uploads\/2021\/11\/Don-Marroni-Getrocknet.jpg 800w, https:\/\/donmarroni.ch\/wp-content\/uploads\/2021\/11\/Don-Marroni-Getrocknet-200x300.jpg 200w, https:\/\/donmarroni.ch\/wp-content\/uploads\/2021\/11\/Don-Marroni-Getrocknet-683x1024.jpg 683w, https:\/\/donmarroni.ch\/wp-content\/uploads\/2021\/11\/Don-Marroni-Getrocknet-768x1152.jpg 768w, https:\/\/donmarroni.ch\/wp-content\/uploads\/2021\/11\/Don-Marroni-Getrocknet-110x165.jpg 110w, https:\/\/donmarroni.ch\/wp-content\/uploads\/2021\/11\/Don-Marroni-Getrocknet-600x900.jpg 600w\" sizes=\"auto, (max-width: 800px) 100vw, 800px\" \/>                        <\/div>\n<\/div>[vc_empty_space height=&#8220;40px&#8220;][\/vc_column][vc_column width=&#8220;1\/2&#8243; offset=&#8220;vc_col-lg-3 vc_col-md-6&#8243;]<div class=\"edgtf-single-image-holder   \">\n    <div class=\"edgtf-si-inner\" >\n                                    <img loading=\"lazy\" decoding=\"async\" width=\"800\" height=\"1200\" src=\"https:\/\/donmarroni.ch\/wp-content\/uploads\/2021\/11\/Soglio.jpg\" class=\"attachment-full size-full\" alt=\"\" srcset=\"https:\/\/donmarroni.ch\/wp-content\/uploads\/2021\/11\/Soglio.jpg 800w, https:\/\/donmarroni.ch\/wp-content\/uploads\/2021\/11\/Soglio-200x300.jpg 200w, https:\/\/donmarroni.ch\/wp-content\/uploads\/2021\/11\/Soglio-683x1024.jpg 683w, https:\/\/donmarroni.ch\/wp-content\/uploads\/2021\/11\/Soglio-768x1152.jpg 768w, https:\/\/donmarroni.ch\/wp-content\/uploads\/2021\/11\/Soglio-110x165.jpg 110w, https:\/\/donmarroni.ch\/wp-content\/uploads\/2021\/11\/Soglio-600x900.jpg 600w\" sizes=\"auto, (max-width: 800px) 100vw, 800px\" \/>                        <\/div>\n<\/div>[\/vc_column][vc_column offset=&#8220;vc_col-lg-6 vc_col-md-12&#8243;]<div class=\"edgtf-elements-holder   edgtf-one-column  edgtf-responsive-mode-768 \" ><div class=\"edgtf-eh-item    \"  data-item-class=\"edgtf-eh-custom-5234\" data-1280-1600=\"0px 0px 0 39px\" data-1024-1280=\"0px 0px 0 39px\" data-768-1024=\"5px 20% 40px 0\" data-680-768=\"5px 0px 40px 0\" data-680=\"30px 5px\">\n\t<div class=\"edgtf-eh-item-inner\">\n\t\t<div class=\"edgtf-eh-item-content edgtf-eh-custom-5234\" style=\"padding: 5px 0px 0 39px\">\n\t\t\t<div class=\"edgtf-section-title-holder  edgtf-st-normal-space\" >\n\t<div class=\"edgtf-st-inner\">\n\t\t\t\t\t<div class=\"edgtf-st-title-wrap\">\n\t\t\t\t\t\t\t\t<h2 class=\"edgtf-st-title\" style=\"margin-bottom: 10px\">\n\t\t\t\t\tDas dunkle Kastanienbier\t\t\t\t<\/h2>\n\t\t\t\t<svg version=\"1.1\" xmlns=\"http:\/\/www.w3.org\/2000\/svg\" xmlns:xlink=\"http:\/\/www.w3.org\/1999\/xlink\" x=\"0px\" y=\"0px\" width=\"62\" height=\"9\" viewBox=\"0 0 41.889 5.875\" enable-background=\"new 0 0 41.889 5.875\" xml:space=\"preserve\">\n\t\t\t\t\t<path fill=\"none\" stroke=\"#ffc123\" stroke-width=\"2.5\" stroke-miterlimit=\"10\" d=\"M41.889,1.408c-1.258,0-2.381,0.506-3.18,1.207 c-0.943,0.826-1.566,1.852-3.801,1.852c-2.236,0-2.896-1.025-3.84-1.852c-0.799-0.701-1.887-1.207-3.143-1.207 c-1.258,0-2.34,0.506-3.139,1.207c-0.943,0.826-1.609,1.852-3.844,1.852s-2.854-1.025-3.797-1.852 c-0.797-0.701-1.928-1.207-3.184-1.207s-2.33,0.506-3.129,1.207C9.895,3.441,9.215,4.466,6.982,4.466 c-2.236,0-2.91-1.025-3.852-1.852C2.332,1.914,1.258,1.408,0,1.408\" \/>\n\t\t\t\t<\/svg>\t\t\t<\/div>\n\t\t\t\t\t\t\t<div class=\"edgtf-st-text\" style=\"margin-top: 10px\">\n\t\t\t\tGer\u00e4uchert, gegoren und vollendet &#8211; Don Marroni<br \/>\nUnverkennbar B\u00fcndnerisch\t\t\t<\/div>\n\t\t\t<\/div>\n<\/div>[vc_empty_space height=&#8220;39px&#8220;]<div class=\"edgtf-progress-bar \">\n\t<h5 class=\"edgtf-pb-title-holder\" >\n\t\t<span class=\"edgtf-pb-title\">Kastanien aus Soglio<\/span>\n\t\t<span class=\"edgtf-pb-percent\">0<\/span>\n\t<\/h5>\n\t<div class=\"edgtf-pb-content-holder\" >\n\t\t<div data-percentage=100 class=\"edgtf-pb-content\" ><\/div>\n\t<\/div>\n<\/div>[vc_empty_space height=&#8220;19px&#8220;]<div class=\"edgtf-progress-bar \">\n\t<h5 class=\"edgtf-pb-title-holder\" >\n\t\t<span class=\"edgtf-pb-title\">Traditionell getrocknet in Soglio<\/span>\n\t\t<span class=\"edgtf-pb-percent\">0<\/span>\n\t<\/h5>\n\t<div class=\"edgtf-pb-content-holder\" >\n\t\t<div data-percentage=100 class=\"edgtf-pb-content\" ><\/div>\n\t<\/div>\n<\/div>[vc_empty_space height=&#8220;19px&#8220;]<div class=\"edgtf-progress-bar \">\n\t<h5 class=\"edgtf-pb-title-holder\" >\n\t\t<span class=\"edgtf-pb-title\">Gebraut in Graub\u00fcnden<\/span>\n\t\t<span class=\"edgtf-pb-percent\">0<\/span>\n\t<\/h5>\n\t<div class=\"edgtf-pb-content-holder\" >\n\t\t<div data-percentage=100 class=\"edgtf-pb-content\" ><\/div>\n\t<\/div>\n<\/div>\t\t<\/div>\n\t<\/div>\n<\/div><\/div>[\/vc_column][\/vc_row]<\/p>\n","protected":false},"excerpt":{"rendered":"<p>[vc_row][vc_column][rev_slider_vc alias=&#8220;Don-Marroni&#8220; enable_paspartu=&#8220;no&#8220;][\/vc_column][\/vc_row][vc_row row_content_width=&#8220;grid&#8220; css=&#8220;.vc_custom_1521214935072{padding-top: 128px !important;padding-bottom: 90px !important;}&#8220;][vc_column offset=&#8220;vc_col-lg-6 vc_col-md-12&#8243;][\/vc_column][vc_column width=&#8220;1\/2&#8243; offset=&#8220;vc_col-lg-3 vc_col-md-6&#8243;][vc_empty_space height=&#8220;40px&#8220;][\/vc_column][vc_column width=&#8220;1\/2&#8243; offset=&#8220;vc_col-lg-3 vc_col-md-6&#8243;][\/vc_column][\/vc_row][vc_row row_content_width=&#8220;grid&#8220; css=&#8220;.vc_custom_1521214935072{padding-top: 128px !important;padding-bottom: 90px !important;}&#8220;][vc_column width=&#8220;1\/2&#8243; offset=&#8220;vc_col-lg-3 vc_col-md-6&#8243;][vc_empty_space height=&#8220;40px&#8220;][\/vc_column][vc_column width=&#8220;1\/2&#8243; offset=&#8220;vc_col-lg-3 vc_col-md-6&#8243;][\/vc_column][vc_column offset=&#8220;vc_col-lg-6 vc_col-md-12&#8243;][\/vc_column][\/vc_row][vc_row row_content_width=&#8220;grid&#8220; disable_background_image=&#8220;&#8220; simple_background_image=&#8220;4228&#8243;][vc_column offset=&#8220;vc_col-lg-6 vc_col-md-12&#8243;][\/vc_column][vc_column offset=&#8220;vc_col-lg-6 vc_col-md-12&#8243;][\/vc_column][\/vc_row][vc_row [&hellip;]<\/p>\n","protected":false},"author":1,"featured_media":0,"parent":0,"menu_order":0,"comment_status":"closed","ping_status":"closed","template":"full-width.php","meta":{"footnotes":""},"class_list":["post-306","page","type-page","status-publish","hentry"],"_links":{"self":[{"href":"https:\/\/donmarroni.ch\/index.php\/wp-json\/wp\/v2\/pages\/306","targetHints":{"allow":["GET"]}}],"collection":[{"href":"https:\/\/donmarroni.ch\/index.php\/wp-json\/wp\/v2\/pages"}],"about":[{"href":"https:\/\/donmarroni.ch\/index.php\/wp-json\/wp\/v2\/types\/page"}],"author":[{"embeddable":true,"href":"https:\/\/donmarroni.ch\/index.php\/wp-json\/wp\/v2\/users\/1"}],"replies":[{"embeddable":true,"href":"https:\/\/donmarroni.ch\/index.php\/wp-json\/wp\/v2\/comments?post=306"}],"version-history":[{"count":21,"href":"https:\/\/donmarroni.ch\/index.php\/wp-json\/wp\/v2\/pages\/306\/revisions"}],"predecessor-version":[{"id":4298,"href":"https:\/\/donmarroni.ch\/index.php\/wp-json\/wp\/v2\/pages\/306\/revisions\/4298"}],"wp:attachment":[{"href":"https:\/\/donmarroni.ch\/index.php\/wp-json\/wp\/v2\/media?parent=306"}],"curies":[{"name":"wp","href":"https:\/\/api.w.org\/{rel}","templated":true}]}}